{"id":187,"date":"2024-11-18T10:31:42","date_gmt":"2024-11-18T10:31:42","guid":{"rendered":"https:\/\/lter.sav.sk\/?page_id=187"},"modified":"2025-02-10T08:43:22","modified_gmt":"2025-02-10T08:43:22","slug":"kralova-hola","status":"publish","type":"page","link":"https:\/\/lter.sav.sk\/index.php\/lokality-a-platformy\/kralova-hola\/","title":{"rendered":"Kr\u00e1\u013eova ho\u013ea"},"content":{"rendered":"\n<p><strong>DEIMS.iD: <\/strong><a href=\"https:\/\/deims.org\/61c12307-2669-46c1-bf0b-94d40cc6b111\">https:\/\/deims.org\/61c12307-2669-46c1-bf0b-94d40cc6b111<\/a><br><strong>Koordin\u00e1tor lokality<\/strong>: <a href=\"https:\/\/www.uke.sav.sk\/\">\u00dastav krajinnej ekol\u00f3gie SAV<\/a>, v.v.i., Ing. Matej Mojses, PhD.<\/p>\n\n\n\n<p><\/p>\n","protected":false},"excerpt":{"rendered":"<p>DEIMS.iD: https:\/\/deims.org\/61c12307-2669-46c1-bf0b-94d40cc6b111Koordin\u00e1tor lokality: \u00dastav krajinnej ekol\u00f3gie SAV, v.v.i., Ing. Matej Mojses, PhD.<\/p>\n","protected":false},"author":1,"featured_media":0,"parent":85,"menu_order":0,"comment_status":"closed","ping_status":"closed","template":"","meta":{"_kad_post_transparent":"","_kad_post_title":"","_kad_post_layout":"","_kad_post_sidebar_id":"","_kad_post_content_style":"","_kad_post_vertical_padding":"","_kad_post_feature":"","_kad_post_feature_position":"","_kad_post_header":false,"_kad_post_footer":false,"_kad_post_classname":"","footnotes":""},"class_list":["post-187","page","type-page","status-publish","hentry"],"_links":{"self":[{"href":"https:\/\/lter.sav.sk\/index.php\/wp-json\/wp\/v2\/pages\/187","targetHints":{"allow":["GET"]}}],"collection":[{"href":"https:\/\/lter.sav.sk\/index.php\/wp-json\/wp\/v2\/pages"}],"about":[{"href":"https:\/\/lter.sav.sk\/index.php\/wp-json\/wp\/v2\/types\/page"}],"author":[{"embeddable":true,"href":"https:\/\/lter.sav.sk\/index.php\/wp-json\/wp\/v2\/users\/1"}],"replies":[{"embeddable":true,"href":"https:\/\/lter.sav.sk\/index.php\/wp-json\/wp\/v2\/comments?post=187"}],"version-history":[{"count":2,"href":"https:\/\/lter.sav.sk\/index.php\/wp-json\/wp\/v2\/pages\/187\/revisions"}],"predecessor-version":[{"id":499,"href":"https:\/\/lter.sav.sk\/index.php\/wp-json\/wp\/v2\/pages\/187\/revisions\/499"}],"up":[{"embeddable":true,"href":"https:\/\/lter.sav.sk\/index.php\/wp-json\/wp\/v2\/pages\/85"}],"wp:attachment":[{"href":"https:\/\/lter.sav.sk\/index.php\/wp-json\/wp\/v2\/media?parent=187"}],"curies":[{"name":"wp","href":"https:\/\/api.w.org\/{rel}","templated":true}]}}