{"id":189,"date":"2024-11-18T10:33:43","date_gmt":"2024-11-18T10:33:43","guid":{"rendered":"https:\/\/lter.sav.sk\/?page_id=189"},"modified":"2025-02-10T08:40:34","modified_gmt":"2025-02-10T08:40:34","slug":"polana-biosphere-reserve-hukavsky-grun","status":"publish","type":"page","link":"https:\/\/lter.sav.sk\/index.php\/lokality-a-platformy\/polana-biosphere-reserve-hukavsky-grun\/","title":{"rendered":"Biosf\u00e9rick\u00e1 rezerv\u00e1cia Po\u013eana (Hukavsk\u00fd gr\u00fa\u0148)"},"content":{"rendered":"\n<p><strong>DEIMS.iD: <\/strong><a href=\"https:\/\/deims.org\/e4548296-426c-4e08-a517-d177d8ad5239\">https:\/\/deims.org\/e4548296-426c-4e08-a517-d177d8ad5239<\/a><br><strong>Koordin\u00e1tor lokality<\/strong>: <a href=\"https:\/\/web.nlcsk.org\/\">N\u00e1rodn\u00e9 lesn\u00edcke centrum<\/a>, Ing. Pavel Pavlenda, PhD.,<\/p>\n\n\n\n<p><a id=\"_msocom_1\"><\/a><\/p>\n","protected":false},"excerpt":{"rendered":"<p>DEIMS.iD: https:\/\/deims.org\/e4548296-426c-4e08-a517-d177d8ad5239Koordin\u00e1tor lokality: N\u00e1rodn\u00e9 lesn\u00edcke centrum, Ing. Pavel Pavlenda, PhD.,<\/p>\n","protected":false},"author":1,"featured_media":0,"parent":85,"menu_order":0,"comment_status":"closed","ping_status":"closed","template":"","meta":{"_kad_post_transparent":"","_kad_post_title":"","_kad_post_layout":"","_kad_post_sidebar_id":"","_kad_post_content_style":"","_kad_post_vertical_padding":"","_kad_post_feature":"","_kad_post_feature_position":"","_kad_post_header":false,"_kad_post_footer":false,"_kad_post_classname":"","footnotes":""},"class_list":["post-189","page","type-page","status-publish","hentry"],"_links":{"self":[{"href":"https:\/\/lter.sav.sk\/index.php\/wp-json\/wp\/v2\/pages\/189","targetHints":{"allow":["GET"]}}],"collection":[{"href":"https:\/\/lter.sav.sk\/index.php\/wp-json\/wp\/v2\/pages"}],"about":[{"href":"https:\/\/lter.sav.sk\/index.php\/wp-json\/wp\/v2\/types\/page"}],"author":[{"embeddable":true,"href":"https:\/\/lter.sav.sk\/index.php\/wp-json\/wp\/v2\/users\/1"}],"replies":[{"embeddable":true,"href":"https:\/\/lter.sav.sk\/index.php\/wp-json\/wp\/v2\/comments?post=189"}],"version-history":[{"count":2,"href":"https:\/\/lter.sav.sk\/index.php\/wp-json\/wp\/v2\/pages\/189\/revisions"}],"predecessor-version":[{"id":495,"href":"https:\/\/lter.sav.sk\/index.php\/wp-json\/wp\/v2\/pages\/189\/revisions\/495"}],"up":[{"embeddable":true,"href":"https:\/\/lter.sav.sk\/index.php\/wp-json\/wp\/v2\/pages\/85"}],"wp:attachment":[{"href":"https:\/\/lter.sav.sk\/index.php\/wp-json\/wp\/v2\/media?parent=189"}],"curies":[{"name":"wp","href":"https:\/\/api.w.org\/{rel}","templated":true}]}}