{"id":191,"date":"2024-11-18T10:34:39","date_gmt":"2024-11-18T10:34:39","guid":{"rendered":"https:\/\/lter.sav.sk\/?page_id=191"},"modified":"2025-02-10T08:41:47","modified_gmt":"2025-02-10T08:41:47","slug":"np-tatry","status":"publish","type":"page","link":"https:\/\/lter.sav.sk\/index.php\/lokality-a-platformy\/np-tatry\/","title":{"rendered":"Tatransk\u00fd n\u00e1rodn\u00fd park"},"content":{"rendered":"\n<p><strong>DEIMS.iD: <\/strong><a href=\"https:\/\/deims.org\/f7b73d7c-068f-4406-b4e8-13e5c6e212b9\">https:\/\/deims.org\/f7b73d7c-068f-4406-b4e8-13e5c6e212b9<\/a><br><strong>Koordin\u00e1tor lokality<\/strong>: <a href=\"https:\/\/www.tanap.sk\/vyskumna-stanica-tanap-u\/\">V\u00fdskumn\u00e1 stanica TANAP<\/a>\u00a0,<br><strong>Partnersk\u00e9 organiz\u00e1cie:<\/strong> <a href=\"https:\/\/www.tuzvo.sk\/\">Technick\u00e1 univerzita vo Zvolene<\/a><\/p>\n\n\n\n<p><\/p>\n","protected":false},"excerpt":{"rendered":"<p>DEIMS.iD: https:\/\/deims.org\/f7b73d7c-068f-4406-b4e8-13e5c6e212b9Koordin\u00e1tor lokality: V\u00fdskumn\u00e1 stanica TANAP\u00a0,Partnersk\u00e9 organiz\u00e1cie: Technick\u00e1 univerzita vo Zvolene<\/p>\n","protected":false},"author":1,"featured_media":0,"parent":85,"menu_order":0,"comment_status":"closed","ping_status":"closed","template":"","meta":{"_kad_post_transparent":"","_kad_post_title":"","_kad_post_layout":"","_kad_post_sidebar_id":"","_kad_post_content_style":"","_kad_post_vertical_padding":"","_kad_post_feature":"","_kad_post_feature_position":"","_kad_post_header":false,"_kad_post_footer":false,"_kad_post_classname":"","footnotes":""},"class_list":["post-191","page","type-page","status-publish","hentry"],"_links":{"self":[{"href":"https:\/\/lter.sav.sk\/index.php\/wp-json\/wp\/v2\/pages\/191","targetHints":{"allow":["GET"]}}],"collection":[{"href":"https:\/\/lter.sav.sk\/index.php\/wp-json\/wp\/v2\/pages"}],"about":[{"href":"https:\/\/lter.sav.sk\/index.php\/wp-json\/wp\/v2\/types\/page"}],"author":[{"embeddable":true,"href":"https:\/\/lter.sav.sk\/index.php\/wp-json\/wp\/v2\/users\/1"}],"replies":[{"embeddable":true,"href":"https:\/\/lter.sav.sk\/index.php\/wp-json\/wp\/v2\/comments?post=191"}],"version-history":[{"count":3,"href":"https:\/\/lter.sav.sk\/index.php\/wp-json\/wp\/v2\/pages\/191\/revisions"}],"predecessor-version":[{"id":496,"href":"https:\/\/lter.sav.sk\/index.php\/wp-json\/wp\/v2\/pages\/191\/revisions\/496"}],"up":[{"embeddable":true,"href":"https:\/\/lter.sav.sk\/index.php\/wp-json\/wp\/v2\/pages\/85"}],"wp:attachment":[{"href":"https:\/\/lter.sav.sk\/index.php\/wp-json\/wp\/v2\/media?parent=191"}],"curies":[{"name":"wp","href":"https:\/\/api.w.org\/{rel}","templated":true}]}}