{"id":20,"date":"2024-10-02T08:38:50","date_gmt":"2024-10-02T08:38:50","guid":{"rendered":"https:\/\/lter.sav.sk\/?page_id=20"},"modified":"2025-02-10T08:36:10","modified_gmt":"2025-02-10T08:36:10","slug":"bab","status":"publish","type":"page","link":"https:\/\/lter.sav.sk\/index.php\/lokality-a-platformy\/bab\/","title":{"rendered":"B\u00e1b"},"content":{"rendered":"\n<p><strong>DEIMS.iD: <\/strong><a href=\"https:\/\/deims.org\/79e10639-dd60-4f30-9c43-7b2bae0f359a\">https:\/\/deims.org\/79e10639-dd60-4f30-9c43-7b2bae0f359a<\/a><br><strong>Koordin\u00e1tor lokality<\/strong>: <a href=\"https:\/\/www.uke.sav.sk\/\">\u00dastav krajinnej ekol\u00f3gie SAV, v.v.i.<\/a>, RNDr. Peter Gajdo\u0161, CSc.,<br><strong>Partnersk\u00e9 organiz\u00e1cie:<\/strong><a href=\"https:\/\/www.tuzvo.sk\/\">Technick\u00e1 univerzita vo Zvolene<\/a>, <a href=\"https:\/\/www.uniag.sk\/\">Slovensk\u00e1 po\u013enohospod\u00e1rska univerzita v Nitre<\/a>, <a href=\"https:\/\/www.ukf.sk\/\">Univerzita Kon\u0161tant\u00edna Filozofa v Nitre<\/a><\/p>\n\n\n\n<p><\/p>\n","protected":false},"excerpt":{"rendered":"<p>DEIMS.iD: https:\/\/deims.org\/79e10639-dd60-4f30-9c43-7b2bae0f359aKoordin\u00e1tor lokality: \u00dastav krajinnej ekol\u00f3gie SAV, v.v.i., RNDr. Peter Gajdo\u0161, CSc.,Partnersk\u00e9 organiz\u00e1cie:Technick\u00e1 univerzita vo Zvolene, Slovensk\u00e1 po\u013enohospod\u00e1rska univerzita v Nitre, Univerzita Kon\u0161tant\u00edna Filozofa v Nitre<\/p>\n","protected":false},"author":1,"featured_media":59,"parent":85,"menu_order":0,"comment_status":"closed","ping_status":"closed","template":"","meta":{"_kad_post_transparent":"","_kad_post_title":"","_kad_post_layout":"","_kad_post_sidebar_id":"","_kad_post_content_style":"","_kad_post_vertical_padding":"","_kad_post_feature":"","_kad_post_feature_position":"","_kad_post_header":false,"_kad_post_footer":false,"_kad_post_classname":"","footnotes":""},"class_list":["post-20","page","type-page","status-publish","has-post-thumbnail","hentry"],"_links":{"self":[{"href":"https:\/\/lter.sav.sk\/index.php\/wp-json\/wp\/v2\/pages\/20","targetHints":{"allow":["GET"]}}],"collection":[{"href":"https:\/\/lter.sav.sk\/index.php\/wp-json\/wp\/v2\/pages"}],"about":[{"href":"https:\/\/lter.sav.sk\/index.php\/wp-json\/wp\/v2\/types\/page"}],"author":[{"embeddable":true,"href":"https:\/\/lter.sav.sk\/index.php\/wp-json\/wp\/v2\/users\/1"}],"replies":[{"embeddable":true,"href":"https:\/\/lter.sav.sk\/index.php\/wp-json\/wp\/v2\/comments?post=20"}],"version-history":[{"count":38,"href":"https:\/\/lter.sav.sk\/index.php\/wp-json\/wp\/v2\/pages\/20\/revisions"}],"predecessor-version":[{"id":489,"href":"https:\/\/lter.sav.sk\/index.php\/wp-json\/wp\/v2\/pages\/20\/revisions\/489"}],"up":[{"embeddable":true,"href":"https:\/\/lter.sav.sk\/index.php\/wp-json\/wp\/v2\/pages\/85"}],"wp:featuredmedia":[{"embeddable":true,"href":"https:\/\/lter.sav.sk\/index.php\/wp-json\/wp\/v2\/media\/59"}],"wp:attachment":[{"href":"https:\/\/lter.sav.sk\/index.php\/wp-json\/wp\/v2\/media?parent=20"}],"curies":[{"name":"wp","href":"https:\/\/api.w.org\/{rel}","templated":true}]}}