{"id":510,"date":"2025-02-10T08:55:53","date_gmt":"2025-02-10T08:55:53","guid":{"rendered":"https:\/\/lter.sav.sk\/?page_id=510"},"modified":"2025-02-10T08:55:54","modified_gmt":"2025-02-10T08:55:54","slug":"sites-and-platforms","status":"publish","type":"page","link":"https:\/\/lter.sav.sk\/index.php\/en\/sites-and-platforms\/","title":{"rendered":"Sites and platforms"},"content":{"rendered":"\n<h2 class=\"wp-block-heading\"><strong>LTER sites: &nbsp;&nbsp;&nbsp;&nbsp; <\/strong><\/h2>\n\n\n\n<p><a href=\"https:\/\/deims.org\/79e10639-dd60-4f30-9c43-7b2bae0f359a\" target=\"_blank\" rel=\"noreferrer noopener\">B\u00e1b<\/a>&nbsp;&nbsp;&nbsp;&nbsp;&nbsp; <\/p>\n\n\n\n<p><a href=\"https:\/\/deims.org\/4c3159e4-4630-4309-940b-8ece71514b77\" target=\"_blank\" rel=\"noreferrer noopener\">Kremnick\u00e9 vrchy Ecological Experimental Station<\/a>&nbsp; <\/p>\n\n\n\n<p><a href=\"https:\/\/deims.org\/e13f1146-b97a-4bc5-9bc5-65322379a567\" data-type=\"link\" data-id=\"https:\/\/deims.org\/e13f1146-b97a-4bc5-9bc5-65322379a567\" target=\"_blank\" rel=\"noreferrer noopener\">Jaloveck\u00e1 dolina<\/a> <\/p>\n\n\n\n<p><a href=\"https:\/\/deims.org\/e4548296-426c-4e08-a517-d177d8ad5239\" target=\"_blank\" rel=\"noreferrer noopener\">Po\u013eana Biosphere Reserve<\/a>&nbsp;&nbsp;&nbsp; <\/p>\n\n\n\n<p><a href=\"https:\/\/deims.org\/f7b73d7c-068f-4406-b4e8-13e5c6e212b9\" target=\"_blank\" rel=\"noreferrer noopener\">Tatra National Park<\/a><\/p>\n\n\n\n<p><a href=\"https:\/\/deims.org\/013642b8-ff75-4abd-a3de-63cc93b4b21f\" target=\"_blank\" rel=\"noreferrer noopener\">Tatras-alpine summits<\/a>&nbsp;&nbsp;&nbsp;&nbsp;&nbsp;&nbsp;&nbsp;&nbsp;&nbsp;&nbsp; <\/p>\n\n\n\n<p><a href=\"https:\/\/deims.org\/61c12307-2669-46c1-bf0b-94d40cc6b111\" target=\"_blank\" rel=\"noreferrer noopener\">Kr\u00e1\u013eova ho\u013ea<\/a>&nbsp;&nbsp;&nbsp; <\/p>\n\n\n\n<h2 class=\"wp-block-heading\"><strong>LTSER platforms:&nbsp;&nbsp;&nbsp;&nbsp;&nbsp;&nbsp; <\/strong><\/h2>\n\n\n\n<p><a href=\"https:\/\/deims.org\/fabf28c6-8fa1-4a81-aaed-ab985cbc4906\" data-type=\"link\" data-id=\"https:\/\/deims.org\/fabf28c6-8fa1-4a81-aaed-ab985cbc4906\" target=\"_blank\" rel=\"noreferrer noopener\">Trnava LTSER<\/a> <\/p>\n\n\n\n<p><a href=\"https:\/\/deims.org\/4a954f2b-7d18-4992-a860-adb7268f9dc7\" target=\"_blank\" rel=\"noreferrer noopener\">Poloniny National Park LTSER<\/a>&nbsp;&nbsp;<\/p>\n\n\n\n<p><\/p>\n","protected":false},"excerpt":{"rendered":"<p>LTER sites: &nbsp;&nbsp;&nbsp;&nbsp; B\u00e1b&nbsp;&nbsp;&nbsp;&nbsp;&nbsp; Kremnick\u00e9 vrchy Ecological Experimental Station&nbsp; Jaloveck\u00e1 dolina Po\u013eana Biosphere Reserve&nbsp;&nbsp;&nbsp; Tatra National Park Tatras-alpine summits&nbsp;&nbsp;&nbsp;&nbsp;&nbsp;&nbsp;&nbsp;&nbsp;&nbsp;&nbsp; Kr\u00e1\u013eova ho\u013ea&nbsp;&nbsp;&nbsp; LTSER platforms:&nbsp;&nbsp;&nbsp;&nbsp;&nbsp;&nbsp; Trnava LTSER Poloniny National Park LTSER&nbsp;&nbsp;<\/p>\n","protected":false},"author":1,"featured_media":0,"parent":0,"menu_order":0,"comment_status":"closed","ping_status":"closed","template":"","meta":{"_kad_post_transparent":"","_kad_post_title":"","_kad_post_layout":"","_kad_post_sidebar_id":"","_kad_post_content_style":"","_kad_post_vertical_padding":"","_kad_post_feature":"","_kad_post_feature_position":"","_kad_post_header":false,"_kad_post_footer":false,"_kad_post_classname":"","footnotes":""},"class_list":["post-510","page","type-page","status-publish","hentry"],"_links":{"self":[{"href":"https:\/\/lter.sav.sk\/index.php\/wp-json\/wp\/v2\/pages\/510","targetHints":{"allow":["GET"]}}],"collection":[{"href":"https:\/\/lter.sav.sk\/index.php\/wp-json\/wp\/v2\/pages"}],"about":[{"href":"https:\/\/lter.sav.sk\/index.php\/wp-json\/wp\/v2\/types\/page"}],"author":[{"embeddable":true,"href":"https:\/\/lter.sav.sk\/index.php\/wp-json\/wp\/v2\/users\/1"}],"replies":[{"embeddable":true,"href":"https:\/\/lter.sav.sk\/index.php\/wp-json\/wp\/v2\/comments?post=510"}],"version-history":[{"count":1,"href":"https:\/\/lter.sav.sk\/index.php\/wp-json\/wp\/v2\/pages\/510\/revisions"}],"predecessor-version":[{"id":512,"href":"https:\/\/lter.sav.sk\/index.php\/wp-json\/wp\/v2\/pages\/510\/revisions\/512"}],"wp:attachment":[{"href":"https:\/\/lter.sav.sk\/index.php\/wp-json\/wp\/v2\/media?parent=510"}],"curies":[{"name":"wp","href":"https:\/\/api.w.org\/{rel}","templated":true}]}}