{"id":85,"date":"2024-11-18T08:09:07","date_gmt":"2024-11-18T08:09:07","guid":{"rendered":"https:\/\/lter.sav.sk\/?page_id=85"},"modified":"2025-02-10T08:59:59","modified_gmt":"2025-02-10T08:59:59","slug":"lokality-a-platformy","status":"publish","type":"page","link":"https:\/\/lter.sav.sk\/index.php\/lokality-a-platformy\/","title":{"rendered":"Lokality a platformy"},"content":{"rendered":"\n<h3 class=\"wp-block-heading\"><strong>LTER lokality: &nbsp;&nbsp;&nbsp;&nbsp; <\/strong><\/h3>\n\n\n\n<p><a href=\"https:\/\/lter.sav.sk\/index.php\/lokality-a-platformy\/bab\/\" data-type=\"page\" data-id=\"20\">B\u00e1b<\/a>&nbsp;&nbsp;&nbsp;&nbsp;&nbsp;<\/p>\n\n\n\n<p><a href=\"https:\/\/lter.sav.sk\/index.php\/lokality-a-platformy\/kremnicke-vrchy-ees\/\" data-type=\"page\" data-id=\"188\">Kremnick\u00e9 vrchy Ecological Experimental Station<\/a>&nbsp;<\/p>\n\n\n\n<p><a href=\"https:\/\/lter.sav.sk\/index.php\/lokality-a-platformy\/jalovecka-dolina\/\" data-type=\"page\" data-id=\"184\">Jaloveck\u00e1 dolina<\/a><\/p>\n\n\n\n<p><a href=\"https:\/\/lter.sav.sk\/index.php\/lokality-a-platformy\/polana-biosphere-reserve-hukavsky-grun\/\" data-type=\"page\" data-id=\"189\">Po\u013eana Biosphere Reserve<\/a>&nbsp;&nbsp;&nbsp;<\/p>\n\n\n\n<p><a href=\"https:\/\/lter.sav.sk\/index.php\/lokality-a-platformy\/np-tatry\/\" data-type=\"page\" data-id=\"191\">Tatra National Park<\/a><\/p>\n\n\n\n<p><a href=\"https:\/\/lter.sav.sk\/index.php\/lokality-a-platformy\/tatras-alpine-summits\/\" data-type=\"page\" data-id=\"192\">Tatras-alpine summits<\/a>&nbsp;&nbsp;&nbsp;&nbsp;&nbsp;&nbsp;&nbsp;&nbsp;&nbsp;&nbsp;<\/p>\n\n\n\n<p><a href=\"https:\/\/lter.sav.sk\/index.php\/lokality-a-platformy\/kralova-hola\/\" data-type=\"page\" data-id=\"187\">Kr\u00e1\u013eova ho\u013ea<\/a>&nbsp;&nbsp;&nbsp;<\/p>\n\n\n\n<h3 class=\"wp-block-heading\"><strong>LTSER platformy:&nbsp;&nbsp;&nbsp;&nbsp;&nbsp;&nbsp; <\/strong><\/h3>\n\n\n\n<p><a href=\"https:\/\/lter.sav.sk\/index.php\/lokality-a-platformy\/trnava-ltser\/\" data-type=\"page\" data-id=\"193\">Trnava LTSER<\/a><\/p>\n\n\n\n<p><a href=\"https:\/\/lter.sav.sk\/index.php\/lokality-a-platformy\/np-poloniny-ltser\/\" data-type=\"page\" data-id=\"190\">Poloniny National Park LTSER<\/a>&nbsp;&nbsp;&nbsp;<\/p>\n\n\n\n<p><\/p>\n","protected":false},"excerpt":{"rendered":"<p>LTER lokality: &nbsp;&nbsp;&nbsp;&nbsp; B\u00e1b&nbsp;&nbsp;&nbsp;&nbsp;&nbsp; Kremnick\u00e9 vrchy Ecological Experimental Station&nbsp; Jaloveck\u00e1 dolina Po\u013eana Biosphere Reserve&nbsp;&nbsp;&nbsp; Tatra National Park Tatras-alpine summits&nbsp;&nbsp;&nbsp;&nbsp;&nbsp;&nbsp;&nbsp;&nbsp;&nbsp;&nbsp; Kr\u00e1\u013eova ho\u013ea&nbsp;&nbsp;&nbsp; LTSER platformy:&nbsp;&nbsp;&nbsp;&nbsp;&nbsp;&nbsp; Trnava LTSER Poloniny National Park LTSER&nbsp;&nbsp;&nbsp;<\/p>\n","protected":false},"author":1,"featured_media":0,"parent":0,"menu_order":0,"comment_status":"closed","ping_status":"closed","template":"","meta":{"_kad_post_transparent":"","_kad_post_title":"","_kad_post_layout":"","_kad_post_sidebar_id":"","_kad_post_content_style":"","_kad_post_vertical_padding":"","_kad_post_feature":"","_kad_post_feature_position":"","_kad_post_header":false,"_kad_post_footer":false,"_kad_post_classname":"","footnotes":""},"class_list":["post-85","page","type-page","status-publish","hentry"],"_links":{"self":[{"href":"https:\/\/lter.sav.sk\/index.php\/wp-json\/wp\/v2\/pages\/85","targetHints":{"allow":["GET"]}}],"collection":[{"href":"https:\/\/lter.sav.sk\/index.php\/wp-json\/wp\/v2\/pages"}],"about":[{"href":"https:\/\/lter.sav.sk\/index.php\/wp-json\/wp\/v2\/types\/page"}],"author":[{"embeddable":true,"href":"https:\/\/lter.sav.sk\/index.php\/wp-json\/wp\/v2\/users\/1"}],"replies":[{"embeddable":true,"href":"https:\/\/lter.sav.sk\/index.php\/wp-json\/wp\/v2\/comments?post=85"}],"version-history":[{"count":5,"href":"https:\/\/lter.sav.sk\/index.php\/wp-json\/wp\/v2\/pages\/85\/revisions"}],"predecessor-version":[{"id":517,"href":"https:\/\/lter.sav.sk\/index.php\/wp-json\/wp\/v2\/pages\/85\/revisions\/517"}],"wp:attachment":[{"href":"https:\/\/lter.sav.sk\/index.php\/wp-json\/wp\/v2\/media?parent=85"}],"curies":[{"name":"wp","href":"https:\/\/api.w.org\/{rel}","templated":true}]}}