{"id":97,"date":"2024-11-18T08:25:03","date_gmt":"2024-11-18T08:25:03","guid":{"rendered":"https:\/\/lter.sav.sk\/?page_id=97"},"modified":"2025-02-12T08:17:23","modified_gmt":"2025-02-12T08:17:23","slug":"history","status":"publish","type":"page","link":"https:\/\/lter.sav.sk\/index.php\/en\/history\/","title":{"rendered":"History"},"content":{"rendered":"\n<figure class=\"wp-block-table is-style-stripes has-medium-font-size\"><table class=\"has-background\" style=\"background-color:#bedcee\"><tbody><tr><td>1967-1971<\/td><td>Start of ecosystem research in Slovakia at the B\u00e1b site as part of the International Biological Program (IBP) &#8211; establishment of the B\u00e1b site<\/td><\/tr><tr><td>1971-1974<\/td><td>Ecosystem research at the B\u00e1b site continues within the UNESCO Man and Biosphere (MaB) programme<\/td><\/tr><tr><td>1979<\/td><td>National Science Foundation (USA) call for pilot projects for Long-Term Ecological Research<\/td><\/tr><tr><td>1980<\/td><td>LTER founded &#8211; NSF selected and funded the first 6 LTER sites in the US: North Temperate Lakes, H.J. Andrews Experimental Forest, Coweeta Hydrological Laboratory, Konza Prairie, North Inlet Marsh, and Niwot Ridge<\/td><\/tr><tr><td>1993<\/td><td>The establishment of the International Long-Term Ecological Research (ILTER). First chair: Jerry F. Franklin<\/td><\/tr><tr><td>1995<\/td><td>Invitation of Slovakia to ILTER; James R. Gosz elected chair of the ILTER network<\/td><\/tr><tr><td>1998<\/td><td>Establishment of the LTER Regional Network for Central and Eastern Europe (LTER CEE) during the ILTER meeting in Panama\/Costa Rica<\/td><\/tr><tr><td>1999<\/td><td>LTER CEE workshop in Budapest &#8211; decision to prepare a joint project for the EU Framework Programme (Terry Parr designated as leader)<\/td><\/tr><tr><td>2000<\/td><td>LTER CEE workshop in Nitra<\/td><\/tr><tr><td>2001<\/td><td>The establishment of the secretariat of the LTER CEE network, based in the Institute of Landscape Ecology SAS in Bratislava (Slovakia), under the leadership of Ing. J\u00falius Oszl\u00e1nyi<br><br>GLORIA-Europe &#8211; EU 5th Framework Program project, contribution to the Global Terrestrial Observing System (GTOS). The High Tatras as one of the first 18 target regions of\u00a0<time datetime=\"2025-01-08T08:29:25.704Z\">today<\/time><br>&#8216;s global GLORIA network. Beginning of research on 4 peaks, which later became the LTER site &#8220;Tatras &#8211; alpine summits<\/td><\/tr><tr><td>2002-2005<\/td><td> NSF (USA) project &#8220;<em>Responsiveness of alpine vegetation to N inputs &#8211; A Comparison Between Central European and North American Sites<\/em>&#8220;. Project leader: William D. Bowman, University of Colorado, Boulder, CO (US LTER site Niwot Ridge). Establishment of the Jaloveck\u00e1 dolina site.<\/td><\/tr><tr><td>2003<\/td><td>LTER CEE workshop in Zvolen.<\/td><\/tr><tr><td>2004-2009<\/td><td>EU 6th Framework Program Network of Excellence \u201c<em>ALTER-Net &#8211; A Long-Term Biodiversity, Ecosystem and Awareness Research Network<\/em>&#8220;. Project leader: Terry Parr (United Kingdom). The project proposal was prepared by Sander van der L\u00f6we, Terry Parr, J\u00falius Oszl\u00e1nyi, Edit Kov\u00e1cs-L\u00e1ng, and Michael Mirtl.<\/td><\/tr><tr><td>2006<\/td><td>LTER CEE workshop in V\u00fdchodn\u00e1<\/td><\/tr><tr><td>2007<\/td><td>The establishment of the European network for long-term ecological research LTER Europe (Balatonf\u00fcred, Hungary) &#8211; the result of the activities of the ALTER-Net project. The LTER CEE network became part of LTER Europe.<\/td><\/tr><tr><td>2008<\/td><td>Adoption of the declaration of the national network LTER Slovakia with sites B\u00e1b, EES Kremnick\u00e9 vrchy, Po\u013eana \u2013 Hukavsk\u00fd gr\u00fa\u0148, Jaloveck\u00e1 dolina, High Tatras, Alpine Peaks of the Tatras<\/td><\/tr><tr><td>2008<\/td><td>Meeting of the coordination committee of the ILTER global network in Star\u00e1 Lesn\u00e1<\/td><\/tr><tr><td>2015<\/td><td>The Kr\u00e1\u013eova ho\u013ea site and the LTSER platforms of Trnava and Poloniny were included to the LTER Slovakia network<\/td><\/tr><tr><td>2016<\/td><td>Two issues of the journal <em>\u017divotn\u00e9 prostredie<\/em> were devoted to long-term ecological research: <a href=\"http:\/\/publikacie.uke.sav.sk\/taxonomy\/term\/895\">http:\/\/publikacie.uke.sav.sk\/taxonomy\/term\/895<\/a><\/td><\/tr><tr><td>2018<\/td><td>The eLTER project (Integrated European Long-Term Ecosystem, critical zone and socio-ecological system Research Infrastructure) is included in ESFRI Roadmap 2018 &#8211; the European roadmap for research infrastructures. LTER Slovakia is part of the project.<\/td><\/tr><tr><td>2019<\/td><td>LTER Slovakia is involved in the preparation of a national plan for research infrastructures<\/td><\/tr><tr><td>2021<\/td><td>The Government of the Slovak Republic adopted the document <em>&#8220;Road Map of Research Infrastructures (SK VI Roadmap 2020-2030<\/em>&#8220;), which also includes the infrastructure project eLTER<\/td><\/tr><tr><td>2022-2025<\/td><td>The first joint project of the LTER Slovakia network: \u201c<em>CALTER &#8211; \u00a0Soil carbon fluxes in dominant forest ecosystems along elevation gradient in the Western Carpathians<\/em>&#8220;, financed by APVV (2022-2025, leader Peter Fleischer sr.)<\/td><\/tr><tr><td>2024<\/td><td>The Government of the Slovak Republic approved the Action Plan for Research Infrastructures.<\/td><\/tr><tr><td><\/td><td><\/td><\/tr><\/tbody><\/table><\/figure>\n\n\n\n<p><\/p>\n","protected":false},"excerpt":{"rendered":"<p>1967-1971 Start of ecosystem research in Slovakia at the B\u00e1b site as part of the International Biological Program (IBP) &#8211; establishment of the B\u00e1b site 1971-1974 Ecosystem research at the B\u00e1b site continues within the UNESCO Man and Biosphere (MaB) programme 1979 National Science Foundation (USA) call for pilot projects for Long-Term Ecological Research 1980&#8230;<\/p>\n","protected":false},"author":1,"featured_media":0,"parent":0,"menu_order":0,"comment_status":"closed","ping_status":"closed","template":"","meta":{"_kad_post_transparent":"","_kad_post_title":"","_kad_post_layout":"","_kad_post_sidebar_id":"","_kad_post_content_style":"","_kad_post_vertical_padding":"","_kad_post_feature":"","_kad_post_feature_position":"","_kad_post_header":false,"_kad_post_footer":false,"_kad_post_classname":"","footnotes":""},"class_list":["post-97","page","type-page","status-publish","hentry"],"_links":{"self":[{"href":"https:\/\/lter.sav.sk\/index.php\/wp-json\/wp\/v2\/pages\/97","targetHints":{"allow":["GET"]}}],"collection":[{"href":"https:\/\/lter.sav.sk\/index.php\/wp-json\/wp\/v2\/pages"}],"about":[{"href":"https:\/\/lter.sav.sk\/index.php\/wp-json\/wp\/v2\/types\/page"}],"author":[{"embeddable":true,"href":"https:\/\/lter.sav.sk\/index.php\/wp-json\/wp\/v2\/users\/1"}],"replies":[{"embeddable":true,"href":"https:\/\/lter.sav.sk\/index.php\/wp-json\/wp\/v2\/comments?post=97"}],"version-history":[{"count":15,"href":"https:\/\/lter.sav.sk\/index.php\/wp-json\/wp\/v2\/pages\/97\/revisions"}],"predecessor-version":[{"id":535,"href":"https:\/\/lter.sav.sk\/index.php\/wp-json\/wp\/v2\/pages\/97\/revisions\/535"}],"wp:attachment":[{"href":"https:\/\/lter.sav.sk\/index.php\/wp-json\/wp\/v2\/media?parent=97"}],"curies":[{"name":"wp","href":"https:\/\/api.w.org\/{rel}","templated":true}]}}